{"id":6,"date":"2023-02-19T15:14:01","date_gmt":"2023-02-19T14:14:01","guid":{"rendered":"https:\/\/escorttourist.hu\/?page_id=6"},"modified":"2026-01-14T14:25:20","modified_gmt":"2026-01-14T13:25:20","slug":"kezdooldal","status":"publish","type":"page","link":"https:\/\/escorttourist.hu\/en\/","title":{"rendered":"Home"},"content":{"rendered":"<p><\/p>\n<h1 style=\"text-align: center;\">Welcome to our homepage!<\/h1>\n<h2 style=\"text-align: center;\"><strong>Dear fellow travel mates!<\/strong><\/h2>\n<p>As the owner and manager of the Publishing Company and Travel Agency Escort Tourist KG, allow me to welcome you!<br \/>\nSince 1999 it has been a great pleasure for us to welcome our guests in the historic town of Sopron!<br \/>\nWe have started our travel agency to provide both individual visitors and tourist groups to Hungary familiar, comfortable and special offers.<br \/>\nThe past 15 years have proved our conception to be correct.<\/p>\n<ul>\n<li>We have had very good references in the travel industry, we have been reliable, responsible and flexible. We are ready to answer your inquires and to take your orders!<\/li>\n<li>We have had a great variety of organized conducted and guided tours<\/li>\n<li>We also elaborate for you proper offers for different destinations or arrange programs not to be found at our homepage<\/li>\n<li>since in permanent cooperation with hotels and other touristic service providers, we have been a reliable contact to you in every field<\/li>\n<li>arranging and operating with large groups causes no problems to us<\/li>\n<li>We often organize individual\u00a0one day tours, or tours lasting several days for associations, clubs, choirs or pilgrims etc.<\/li>\n<li>With our professional arrangements\/our tour\u00a0guides, is your stay in Sopron or in Hungary to become a memorable experience<\/li>\n<\/ul>\n<p style=\"text-align: right;\"><strong>Magdalena Krisch<\/strong><\/p>\n<p><\/p>","protected":false},"excerpt":{"rendered":"<p>Welcome to our homepage! Dear fellow travel mates! As the owner and manager of the Publishing Company and Travel Agency Escort Tourist KG, allow me to welcome you! Since 1999 it has been a great pleasure for us to welcome our guests in the historic town of Sopron! We have started our travel agency to [&hellip;]<\/p>\n","protected":false},"author":1,"featured_media":0,"parent":0,"menu_order":0,"comment_status":"closed","ping_status":"closed","template":"","meta":{"_acf_changed":false,"inline_featured_image":false,"footnotes":""},"class_list":["post-6","page","type-page","status-publish","hentry"],"acf":[],"yoast_head":"<!-- This site is optimized with the Yoast SEO plugin v27.4 - https:\/\/yoast.com\/product\/yoast-seo-wordpress\/ -->\n<title>Escort Tourist Travel Agency - Sopron<\/title>\n<meta name=\"description\" content=\"Fedezd fel Sopron k\u00fcl\u00f6nleges utaz\u00e1si aj\u00e1nlatait! Ismerd meg az izgalmas programokat \u00e9s tev\u00e9kenys\u00e9geket Sopronban \u00e9s k\u00f6rny\u00e9k\u00e9n. Tervezd meg \u00e1lomnyaral\u00e1sod egy vezet\u0151 utaz\u00e1si iroda seg\u00edts\u00e9g\u00e9vel. Foglalj most!\" \/>\n<meta name=\"robots\" content=\"index, follow, max-snippet:-1, max-image-preview:large, max-video-preview:-1\" \/>\n<link rel=\"canonical\" href=\"https:\/\/escorttourist.hu\/\" \/>\n<meta property=\"og:locale\" content=\"en_US\" \/>\n<meta property=\"og:type\" content=\"article\" \/>\n<meta property=\"og:title\" content=\"Escort Tourist Travel Agency - Sopron\" \/>\n<meta property=\"og:description\" content=\"Fedezd fel Sopron k\u00fcl\u00f6nleges utaz\u00e1si aj\u00e1nlatait! Ismerd meg az izgalmas programokat \u00e9s tev\u00e9kenys\u00e9geket Sopronban \u00e9s k\u00f6rny\u00e9k\u00e9n. Tervezd meg \u00e1lomnyaral\u00e1sod egy vezet\u0151 utaz\u00e1si iroda seg\u00edts\u00e9g\u00e9vel. Foglalj most!\" \/>\n<meta property=\"og:url\" content=\"https:\/\/escorttourist.hu\/\" \/>\n<meta property=\"og:site_name\" content=\"Escort Tourist Travel Agency\" \/>\n<meta property=\"article:publisher\" content=\"https:\/\/www.facebook.com\/profile.php?id=100047287422632\" \/>\n<meta property=\"article:modified_time\" content=\"2026-01-14T13:25:20+00:00\" \/>\n<meta name=\"twitter:card\" content=\"summary_large_image\" \/>\n<meta name=\"twitter:label1\" content=\"Est. reading time\" \/>\n\t<meta name=\"twitter:data1\" content=\"1 minute\" \/>\n<script type=\"application\/ld+json\" class=\"yoast-schema-graph\">{\"@context\":\"https:\\\/\\\/schema.org\",\"@graph\":[{\"@type\":\"WebPage\",\"@id\":\"https:\\\/\\\/escorttourist.hu\\\/\",\"url\":\"https:\\\/\\\/escorttourist.hu\\\/\",\"name\":\"Escort Tourist Travel Agency - Sopron\",\"isPartOf\":{\"@id\":\"https:\\\/\\\/escorttourist.hu\\\/#website\"},\"datePublished\":\"2023-02-19T14:14:01+00:00\",\"dateModified\":\"2026-01-14T13:25:20+00:00\",\"description\":\"Fedezd fel Sopron k\u00fcl\u00f6nleges utaz\u00e1si aj\u00e1nlatait! Ismerd meg az izgalmas programokat \u00e9s tev\u00e9kenys\u00e9geket Sopronban \u00e9s k\u00f6rny\u00e9k\u00e9n. Tervezd meg \u00e1lomnyaral\u00e1sod egy vezet\u0151 utaz\u00e1si iroda seg\u00edts\u00e9g\u00e9vel. Foglalj most!\",\"breadcrumb\":{\"@id\":\"https:\\\/\\\/escorttourist.hu\\\/#breadcrumb\"},\"inLanguage\":\"en-US\",\"potentialAction\":[{\"@type\":\"ReadAction\",\"target\":[\"https:\\\/\\\/escorttourist.hu\\\/\"]}]},{\"@type\":\"BreadcrumbList\",\"@id\":\"https:\\\/\\\/escorttourist.hu\\\/#breadcrumb\",\"itemListElement\":[{\"@type\":\"ListItem\",\"position\":1,\"name\":\"Kezd\u0151lap\",\"item\":\"https:\\\/\\\/escorttourist.hu\\\/\"},{\"@type\":\"ListItem\",\"position\":2,\"name\":\"Kezd\u0151oldal\"}]},{\"@type\":\"WebSite\",\"@id\":\"https:\\\/\\\/escorttourist.hu\\\/#website\",\"url\":\"https:\\\/\\\/escorttourist.hu\\\/\",\"name\":\"Escort Tourist Travel Agency\",\"description\":\"Irod\u00e1nk azzal a c\u00e9llal l\u00e9tes\u00fclt 1999-ben, hogy Sopron \u00e9s k\u00f6rny\u00e9ke utaz\u00e1si k\u00edn\u00e1lat\u00e1t csal\u00e1dias, k\u00e9nyelmes utaz\u00e1sokkal b\u0151v\u00edts\u00fck, melyek, \u00fagy \u00e9rezt\u00fck, hi\u00e1nyoztak a k\u00edn\u00e1latb\u00f3l.\",\"publisher\":{\"@id\":\"https:\\\/\\\/escorttourist.hu\\\/#organization\"},\"potentialAction\":[{\"@type\":\"SearchAction\",\"target\":{\"@type\":\"EntryPoint\",\"urlTemplate\":\"https:\\\/\\\/escorttourist.hu\\\/?s={search_term_string}\"},\"query-input\":{\"@type\":\"PropertyValueSpecification\",\"valueRequired\":true,\"valueName\":\"search_term_string\"}}],\"inLanguage\":\"en-US\"},{\"@type\":\"Organization\",\"@id\":\"https:\\\/\\\/escorttourist.hu\\\/#organization\",\"name\":\"Escort Tourist Utaz\u00e1si Iroda\",\"url\":\"https:\\\/\\\/escorttourist.hu\\\/\",\"logo\":{\"@type\":\"ImageObject\",\"inLanguage\":\"en-US\",\"@id\":\"https:\\\/\\\/escorttourist.hu\\\/#\\\/schema\\\/logo\\\/image\\\/\",\"url\":\"https:\\\/\\\/escorttourist.hu\\\/wp-content\\\/uploads\\\/2023\\\/05\\\/utazasi_iroda_logo.png\",\"contentUrl\":\"https:\\\/\\\/escorttourist.hu\\\/wp-content\\\/uploads\\\/2023\\\/05\\\/utazasi_iroda_logo.png\",\"width\":151,\"height\":66,\"caption\":\"Escort Tourist Utaz\u00e1si Iroda\"},\"image\":{\"@id\":\"https:\\\/\\\/escorttourist.hu\\\/#\\\/schema\\\/logo\\\/image\\\/\"},\"sameAs\":[\"https:\\\/\\\/www.facebook.com\\\/profile.php?id=100047287422632\"]}]}<\/script>\n<!-- \/ Yoast SEO plugin. -->","yoast_head_json":{"title":"Escort Tourist Travel Agency - Sopron","description":"Fedezd fel Sopron k\u00fcl\u00f6nleges utaz\u00e1si aj\u00e1nlatait! Ismerd meg az izgalmas programokat \u00e9s tev\u00e9kenys\u00e9geket Sopronban \u00e9s k\u00f6rny\u00e9k\u00e9n. Tervezd meg \u00e1lomnyaral\u00e1sod egy vezet\u0151 utaz\u00e1si iroda seg\u00edts\u00e9g\u00e9vel. Foglalj most!","robots":{"index":"index","follow":"follow","max-snippet":"max-snippet:-1","max-image-preview":"max-image-preview:large","max-video-preview":"max-video-preview:-1"},"canonical":"https:\/\/escorttourist.hu\/","og_locale":"en_US","og_type":"article","og_title":"Escort Tourist Travel Agency - Sopron","og_description":"Fedezd fel Sopron k\u00fcl\u00f6nleges utaz\u00e1si aj\u00e1nlatait! Ismerd meg az izgalmas programokat \u00e9s tev\u00e9kenys\u00e9geket Sopronban \u00e9s k\u00f6rny\u00e9k\u00e9n. Tervezd meg \u00e1lomnyaral\u00e1sod egy vezet\u0151 utaz\u00e1si iroda seg\u00edts\u00e9g\u00e9vel. Foglalj most!","og_url":"https:\/\/escorttourist.hu\/","og_site_name":"Escort Tourist Travel Agency","article_publisher":"https:\/\/www.facebook.com\/profile.php?id=100047287422632","article_modified_time":"2026-01-14T13:25:20+00:00","twitter_card":"summary_large_image","twitter_misc":{"Est. reading time":"1 minute"},"schema":{"@context":"https:\/\/schema.org","@graph":[{"@type":"WebPage","@id":"https:\/\/escorttourist.hu\/","url":"https:\/\/escorttourist.hu\/","name":"Escort Tourist Travel Agency - Sopron","isPartOf":{"@id":"https:\/\/escorttourist.hu\/#website"},"datePublished":"2023-02-19T14:14:01+00:00","dateModified":"2026-01-14T13:25:20+00:00","description":"Fedezd fel Sopron k\u00fcl\u00f6nleges utaz\u00e1si aj\u00e1nlatait! Ismerd meg az izgalmas programokat \u00e9s tev\u00e9kenys\u00e9geket Sopronban \u00e9s k\u00f6rny\u00e9k\u00e9n. Tervezd meg \u00e1lomnyaral\u00e1sod egy vezet\u0151 utaz\u00e1si iroda seg\u00edts\u00e9g\u00e9vel. Foglalj most!","breadcrumb":{"@id":"https:\/\/escorttourist.hu\/#breadcrumb"},"inLanguage":"en-US","potentialAction":[{"@type":"ReadAction","target":["https:\/\/escorttourist.hu\/"]}]},{"@type":"BreadcrumbList","@id":"https:\/\/escorttourist.hu\/#breadcrumb","itemListElement":[{"@type":"ListItem","position":1,"name":"Kezd\u0151lap","item":"https:\/\/escorttourist.hu\/"},{"@type":"ListItem","position":2,"name":"Kezd\u0151oldal"}]},{"@type":"WebSite","@id":"https:\/\/escorttourist.hu\/#website","url":"https:\/\/escorttourist.hu\/","name":"Escort Tourist Travel Agency","description":"Irod\u00e1nk azzal a c\u00e9llal l\u00e9tes\u00fclt 1999-ben, hogy Sopron \u00e9s k\u00f6rny\u00e9ke utaz\u00e1si k\u00edn\u00e1lat\u00e1t csal\u00e1dias, k\u00e9nyelmes utaz\u00e1sokkal b\u0151v\u00edts\u00fck, melyek, \u00fagy \u00e9rezt\u00fck, hi\u00e1nyoztak a k\u00edn\u00e1latb\u00f3l.","publisher":{"@id":"https:\/\/escorttourist.hu\/#organization"},"potentialAction":[{"@type":"SearchAction","target":{"@type":"EntryPoint","urlTemplate":"https:\/\/escorttourist.hu\/?s={search_term_string}"},"query-input":{"@type":"PropertyValueSpecification","valueRequired":true,"valueName":"search_term_string"}}],"inLanguage":"en-US"},{"@type":"Organization","@id":"https:\/\/escorttourist.hu\/#organization","name":"Escort Tourist Utaz\u00e1si Iroda","url":"https:\/\/escorttourist.hu\/","logo":{"@type":"ImageObject","inLanguage":"en-US","@id":"https:\/\/escorttourist.hu\/#\/schema\/logo\/image\/","url":"https:\/\/escorttourist.hu\/wp-content\/uploads\/2023\/05\/utazasi_iroda_logo.png","contentUrl":"https:\/\/escorttourist.hu\/wp-content\/uploads\/2023\/05\/utazasi_iroda_logo.png","width":151,"height":66,"caption":"Escort Tourist Utaz\u00e1si Iroda"},"image":{"@id":"https:\/\/escorttourist.hu\/#\/schema\/logo\/image\/"},"sameAs":["https:\/\/www.facebook.com\/profile.php?id=100047287422632"]}]}},"_links":{"self":[{"href":"https:\/\/escorttourist.hu\/en\/wp-json\/wp\/v2\/pages\/6","targetHints":{"allow":["GET"]}}],"collection":[{"href":"https:\/\/escorttourist.hu\/en\/wp-json\/wp\/v2\/pages"}],"about":[{"href":"https:\/\/escorttourist.hu\/en\/wp-json\/wp\/v2\/types\/page"}],"author":[{"embeddable":true,"href":"https:\/\/escorttourist.hu\/en\/wp-json\/wp\/v2\/users\/1"}],"replies":[{"embeddable":true,"href":"https:\/\/escorttourist.hu\/en\/wp-json\/wp\/v2\/comments?post=6"}],"version-history":[{"count":36,"href":"https:\/\/escorttourist.hu\/en\/wp-json\/wp\/v2\/pages\/6\/revisions"}],"predecessor-version":[{"id":7521,"href":"https:\/\/escorttourist.hu\/en\/wp-json\/wp\/v2\/pages\/6\/revisions\/7521"}],"wp:attachment":[{"href":"https:\/\/escorttourist.hu\/en\/wp-json\/wp\/v2\/media?parent=6"}],"curies":[{"name":"wp","href":"https:\/\/api.w.org\/{rel}","templated":true}]}}