{"id":194,"date":"2023-02-27T14:43:24","date_gmt":"2023-02-27T13:43:24","guid":{"rendered":"https:\/\/escorttourist.hu\/?page_id=194"},"modified":"2024-12-11T10:32:44","modified_gmt":"2024-12-11T09:32:44","slug":"informaciok","status":"publish","type":"page","link":"https:\/\/escorttourist.hu\/en\/information\/","title":{"rendered":"Information"},"content":{"rendered":"<p class=\"qtranxs-available-languages-message qtranxs-available-languages-message-en\">Sorry, this entry is only available in <a href=\"https:\/\/escorttourist.hu\/hu\/wp-json\/wp\/v2\/pages\/194\" class=\"qtranxs-available-language-link qtranxs-available-language-link-hu\" title=\"HU\">HU<\/a>.<\/p>","protected":false},"excerpt":{"rendered":"<p>Sorry, this entry is only available in HU.<\/p>\n","protected":false},"author":1,"featured_media":0,"parent":0,"menu_order":0,"comment_status":"closed","ping_status":"closed","template":"","meta":{"_acf_changed":false,"inline_featured_image":false,"footnotes":""},"class_list":["post-194","page","type-page","status-publish","hentry"],"acf":[],"yoast_head":"<!-- This site is optimized with the Yoast SEO plugin v27.5 - https:\/\/yoast.com\/product\/yoast-seo-wordpress\/ -->\n<title>Information - Escort Tourist Travel Agency<\/title>\n<meta name=\"robots\" content=\"index, follow, max-snippet:-1, max-image-preview:large, max-video-preview:-1\" \/>\n<link rel=\"canonical\" href=\"https:\/\/escorttourist.hu\/informaciok\/\" \/>\n<meta property=\"og:locale\" content=\"en_US\" \/>\n<meta property=\"og:type\" content=\"article\" \/>\n<meta property=\"og:title\" content=\"Information - Escort Tourist Travel Agency\" \/>\n<meta property=\"og:description\" content=\"Sorry, this entry is only available in HU.\" \/>\n<meta property=\"og:url\" content=\"https:\/\/escorttourist.hu\/informaciok\/\" \/>\n<meta property=\"og:site_name\" content=\"Escort Tourist Travel Agency\" \/>\n<meta property=\"article:publisher\" content=\"https:\/\/www.facebook.com\/profile.php?id=100047287422632\" \/>\n<meta property=\"article:modified_time\" content=\"2024-12-11T09:32:44+00:00\" \/>\n<meta name=\"twitter:card\" content=\"summary_large_image\" \/>\n<meta name=\"twitter:label1\" content=\"Est. reading time\" \/>\n\t<meta name=\"twitter:data1\" content=\"2 minutes\" \/>\n<script type=\"application\/ld+json\" class=\"yoast-schema-graph\">{\"@context\":\"https:\\\/\\\/schema.org\",\"@graph\":[{\"@type\":\"WebPage\",\"@id\":\"https:\\\/\\\/escorttourist.hu\\\/informaciok\\\/\",\"url\":\"https:\\\/\\\/escorttourist.hu\\\/informaciok\\\/\",\"name\":\"[:hu]Inform\u00e1ci\u00f3k[:en]Information[:de]Informationen[:] - Escort Tourist Travel Agency\",\"isPartOf\":{\"@id\":\"https:\\\/\\\/escorttourist.hu\\\/#website\"},\"datePublished\":\"2023-02-27T13:43:24+00:00\",\"dateModified\":\"2024-12-11T09:32:44+00:00\",\"breadcrumb\":{\"@id\":\"https:\\\/\\\/escorttourist.hu\\\/informaciok\\\/#breadcrumb\"},\"inLanguage\":\"en-US\",\"potentialAction\":[{\"@type\":\"ReadAction\",\"target\":[\"https:\\\/\\\/escorttourist.hu\\\/informaciok\\\/\"]}]},{\"@type\":\"BreadcrumbList\",\"@id\":\"https:\\\/\\\/escorttourist.hu\\\/informaciok\\\/#breadcrumb\",\"itemListElement\":[{\"@type\":\"ListItem\",\"position\":1,\"name\":\"Kezd\u0151lap\",\"item\":\"https:\\\/\\\/escorttourist.hu\\\/\"},{\"@type\":\"ListItem\",\"position\":2,\"name\":\"Inform\u00e1ci\u00f3k\"}]},{\"@type\":\"WebSite\",\"@id\":\"https:\\\/\\\/escorttourist.hu\\\/#website\",\"url\":\"https:\\\/\\\/escorttourist.hu\\\/\",\"name\":\"Escort Tourist Travel Agency\",\"description\":\"Irod\u00e1nk azzal a c\u00e9llal l\u00e9tes\u00fclt 1999-ben, hogy Sopron \u00e9s k\u00f6rny\u00e9ke utaz\u00e1si k\u00edn\u00e1lat\u00e1t csal\u00e1dias, k\u00e9nyelmes utaz\u00e1sokkal b\u0151v\u00edts\u00fck, melyek, \u00fagy \u00e9rezt\u00fck, hi\u00e1nyoztak a k\u00edn\u00e1latb\u00f3l.\",\"publisher\":{\"@id\":\"https:\\\/\\\/escorttourist.hu\\\/#organization\"},\"potentialAction\":[{\"@type\":\"SearchAction\",\"target\":{\"@type\":\"EntryPoint\",\"urlTemplate\":\"https:\\\/\\\/escorttourist.hu\\\/?s={search_term_string}\"},\"query-input\":{\"@type\":\"PropertyValueSpecification\",\"valueRequired\":true,\"valueName\":\"search_term_string\"}}],\"inLanguage\":\"en-US\"},{\"@type\":\"Organization\",\"@id\":\"https:\\\/\\\/escorttourist.hu\\\/#organization\",\"name\":\"Escort Tourist Utaz\u00e1si Iroda\",\"url\":\"https:\\\/\\\/escorttourist.hu\\\/\",\"logo\":{\"@type\":\"ImageObject\",\"inLanguage\":\"en-US\",\"@id\":\"https:\\\/\\\/escorttourist.hu\\\/#\\\/schema\\\/logo\\\/image\\\/\",\"url\":\"https:\\\/\\\/escorttourist.hu\\\/wp-content\\\/uploads\\\/2023\\\/05\\\/utazasi_iroda_logo.png\",\"contentUrl\":\"https:\\\/\\\/escorttourist.hu\\\/wp-content\\\/uploads\\\/2023\\\/05\\\/utazasi_iroda_logo.png\",\"width\":151,\"height\":66,\"caption\":\"Escort Tourist Utaz\u00e1si Iroda\"},\"image\":{\"@id\":\"https:\\\/\\\/escorttourist.hu\\\/#\\\/schema\\\/logo\\\/image\\\/\"},\"sameAs\":[\"https:\\\/\\\/www.facebook.com\\\/profile.php?id=100047287422632\"]}]}<\/script>\n<!-- \/ Yoast SEO plugin. -->","yoast_head_json":{"title":"[:hu]Inform\u00e1ci\u00f3k[:en]Information[:de]Informationen[:] - Escort Tourist Travel Agency","robots":{"index":"index","follow":"follow","max-snippet":"max-snippet:-1","max-image-preview":"max-image-preview:large","max-video-preview":"max-video-preview:-1"},"canonical":"https:\/\/escorttourist.hu\/informaciok\/","og_locale":"en_US","og_type":"article","og_title":"Information - Escort Tourist Travel Agency","og_description":"Sorry, this entry is only available in HU.","og_url":"https:\/\/escorttourist.hu\/informaciok\/","og_site_name":"Escort Tourist Travel Agency","article_publisher":"https:\/\/www.facebook.com\/profile.php?id=100047287422632","article_modified_time":"2024-12-11T09:32:44+00:00","twitter_card":"summary_large_image","twitter_misc":{"Est. reading time":"2 minutes"},"schema":{"@context":"https:\/\/schema.org","@graph":[{"@type":"WebPage","@id":"https:\/\/escorttourist.hu\/informaciok\/","url":"https:\/\/escorttourist.hu\/informaciok\/","name":"[:hu]Inform\u00e1ci\u00f3k[:en]Information[:de]Informationen[:] - Escort Tourist Travel Agency","isPartOf":{"@id":"https:\/\/escorttourist.hu\/#website"},"datePublished":"2023-02-27T13:43:24+00:00","dateModified":"2024-12-11T09:32:44+00:00","breadcrumb":{"@id":"https:\/\/escorttourist.hu\/informaciok\/#breadcrumb"},"inLanguage":"en-US","potentialAction":[{"@type":"ReadAction","target":["https:\/\/escorttourist.hu\/informaciok\/"]}]},{"@type":"BreadcrumbList","@id":"https:\/\/escorttourist.hu\/informaciok\/#breadcrumb","itemListElement":[{"@type":"ListItem","position":1,"name":"Kezd\u0151lap","item":"https:\/\/escorttourist.hu\/"},{"@type":"ListItem","position":2,"name":"Inform\u00e1ci\u00f3k"}]},{"@type":"WebSite","@id":"https:\/\/escorttourist.hu\/#website","url":"https:\/\/escorttourist.hu\/","name":"Escort Tourist Travel Agency","description":"Irod\u00e1nk azzal a c\u00e9llal l\u00e9tes\u00fclt 1999-ben, hogy Sopron \u00e9s k\u00f6rny\u00e9ke utaz\u00e1si k\u00edn\u00e1lat\u00e1t csal\u00e1dias, k\u00e9nyelmes utaz\u00e1sokkal b\u0151v\u00edts\u00fck, melyek, \u00fagy \u00e9rezt\u00fck, hi\u00e1nyoztak a k\u00edn\u00e1latb\u00f3l.","publisher":{"@id":"https:\/\/escorttourist.hu\/#organization"},"potentialAction":[{"@type":"SearchAction","target":{"@type":"EntryPoint","urlTemplate":"https:\/\/escorttourist.hu\/?s={search_term_string}"},"query-input":{"@type":"PropertyValueSpecification","valueRequired":true,"valueName":"search_term_string"}}],"inLanguage":"en-US"},{"@type":"Organization","@id":"https:\/\/escorttourist.hu\/#organization","name":"Escort Tourist Utaz\u00e1si Iroda","url":"https:\/\/escorttourist.hu\/","logo":{"@type":"ImageObject","inLanguage":"en-US","@id":"https:\/\/escorttourist.hu\/#\/schema\/logo\/image\/","url":"https:\/\/escorttourist.hu\/wp-content\/uploads\/2023\/05\/utazasi_iroda_logo.png","contentUrl":"https:\/\/escorttourist.hu\/wp-content\/uploads\/2023\/05\/utazasi_iroda_logo.png","width":151,"height":66,"caption":"Escort Tourist Utaz\u00e1si Iroda"},"image":{"@id":"https:\/\/escorttourist.hu\/#\/schema\/logo\/image\/"},"sameAs":["https:\/\/www.facebook.com\/profile.php?id=100047287422632"]}]}},"_links":{"self":[{"href":"https:\/\/escorttourist.hu\/en\/wp-json\/wp\/v2\/pages\/194","targetHints":{"allow":["GET"]}}],"collection":[{"href":"https:\/\/escorttourist.hu\/en\/wp-json\/wp\/v2\/pages"}],"about":[{"href":"https:\/\/escorttourist.hu\/en\/wp-json\/wp\/v2\/types\/page"}],"author":[{"embeddable":true,"href":"https:\/\/escorttourist.hu\/en\/wp-json\/wp\/v2\/users\/1"}],"replies":[{"embeddable":true,"href":"https:\/\/escorttourist.hu\/en\/wp-json\/wp\/v2\/comments?post=194"}],"version-history":[{"count":3,"href":"https:\/\/escorttourist.hu\/en\/wp-json\/wp\/v2\/pages\/194\/revisions"}],"predecessor-version":[{"id":375,"href":"https:\/\/escorttourist.hu\/en\/wp-json\/wp\/v2\/pages\/194\/revisions\/375"}],"wp:attachment":[{"href":"https:\/\/escorttourist.hu\/en\/wp-json\/wp\/v2\/media?parent=194"}],"curies":[{"name":"wp","href":"https:\/\/api.w.org\/{rel}","templated":true}]}}