{"id":283,"date":"2023-03-06T09:02:21","date_gmt":"2023-03-06T08:02:21","guid":{"rendered":"https:\/\/escorttourist.hu\/?page_id=283"},"modified":"2023-06-12T19:18:35","modified_gmt":"2023-06-12T17:18:35","slug":"rolunk","status":"publish","type":"page","link":"https:\/\/escorttourist.hu\/de\/uber-uns\/","title":{"rendered":"\u00dcber uns"},"content":{"rendered":"<p class=\"qtranxs-available-languages-message qtranxs-available-languages-message-de\">Leider ist der Eintrag nur auf <a href=\"https:\/\/escorttourist.hu\/hu\/wp-json\/wp\/v2\/pages\/283\" class=\"qtranxs-available-language-link qtranxs-available-language-link-hu\" title=\"HU\">HU<\/a> verf\u00fcgbar.<\/p>","protected":false},"excerpt":{"rendered":"<p>Leider ist der Eintrag nur auf HU verf\u00fcgbar.<\/p>\n","protected":false},"author":1,"featured_media":0,"parent":0,"menu_order":0,"comment_status":"closed","ping_status":"closed","template":"","meta":{"_acf_changed":false,"inline_featured_image":false,"footnotes":""},"class_list":["post-283","page","type-page","status-publish","hentry"],"acf":[],"yoast_head":"<!-- This site is optimized with the Yoast SEO plugin v27.5 - https:\/\/yoast.com\/product\/yoast-seo-wordpress\/ -->\n<title>\u00dcber uns - Escort Tourist Reiseb\u00fcro<\/title>\n<meta name=\"description\" content=\"Escort Tourist Utaz\u00e1si Iroda Sopronban: K\u00e9nyelmes utaz\u00e1sok, idegenvezet\u00e9s \u00e9s programok a r\u00e9gi\u00f3ban. Fedezze fel a vil\u00e1got vel\u00fcnk!\" \/>\n<meta name=\"robots\" content=\"index, follow, max-snippet:-1, max-image-preview:large, max-video-preview:-1\" \/>\n<link rel=\"canonical\" href=\"https:\/\/escorttourist.hu\/rolunk\/\" \/>\n<meta property=\"og:locale\" content=\"de_DE\" \/>\n<meta property=\"og:type\" content=\"article\" \/>\n<meta property=\"og:title\" content=\"\u00dcber uns - Escort Tourist Reiseb\u00fcro\" \/>\n<meta property=\"og:description\" content=\"Escort Tourist Utaz\u00e1si Iroda Sopronban: K\u00e9nyelmes utaz\u00e1sok, idegenvezet\u00e9s \u00e9s programok a r\u00e9gi\u00f3ban. Fedezze fel a vil\u00e1got vel\u00fcnk!\" \/>\n<meta property=\"og:url\" content=\"https:\/\/escorttourist.hu\/rolunk\/\" \/>\n<meta property=\"og:site_name\" content=\"Escort Tourist Reiseb\u00fcro\" \/>\n<meta property=\"article:publisher\" content=\"https:\/\/www.facebook.com\/profile.php?id=100047287422632\" \/>\n<meta property=\"article:modified_time\" content=\"2023-06-12T17:18:35+00:00\" \/>\n<meta name=\"twitter:card\" content=\"summary_large_image\" \/>\n<meta name=\"twitter:label1\" content=\"Gesch\u00e4tzte Lesezeit\" \/>\n\t<meta name=\"twitter:data1\" content=\"2\u00a0Minuten\" \/>\n<script type=\"application\/ld+json\" class=\"yoast-schema-graph\">{\"@context\":\"https:\\\/\\\/schema.org\",\"@graph\":[{\"@type\":\"WebPage\",\"@id\":\"https:\\\/\\\/escorttourist.hu\\\/rolunk\\\/\",\"url\":\"https:\\\/\\\/escorttourist.hu\\\/rolunk\\\/\",\"name\":\"[:hu]R\u00f3lunk[:en]About us[:de]\u00dcber uns[:] - Escort Tourist Reiseb\u00fcro\",\"isPartOf\":{\"@id\":\"https:\\\/\\\/escorttourist.hu\\\/#website\"},\"datePublished\":\"2023-03-06T08:02:21+00:00\",\"dateModified\":\"2023-06-12T17:18:35+00:00\",\"description\":\"Escort Tourist Utaz\u00e1si Iroda Sopronban: K\u00e9nyelmes utaz\u00e1sok, idegenvezet\u00e9s \u00e9s programok a r\u00e9gi\u00f3ban. Fedezze fel a vil\u00e1got vel\u00fcnk!\",\"breadcrumb\":{\"@id\":\"https:\\\/\\\/escorttourist.hu\\\/rolunk\\\/#breadcrumb\"},\"inLanguage\":\"de\",\"potentialAction\":[{\"@type\":\"ReadAction\",\"target\":[\"https:\\\/\\\/escorttourist.hu\\\/rolunk\\\/\"]}]},{\"@type\":\"BreadcrumbList\",\"@id\":\"https:\\\/\\\/escorttourist.hu\\\/rolunk\\\/#breadcrumb\",\"itemListElement\":[{\"@type\":\"ListItem\",\"position\":1,\"name\":\"Kezd\u0151lap\",\"item\":\"https:\\\/\\\/escorttourist.hu\\\/\"},{\"@type\":\"ListItem\",\"position\":2,\"name\":\"R\u00f3lunk\"}]},{\"@type\":\"WebSite\",\"@id\":\"https:\\\/\\\/escorttourist.hu\\\/#website\",\"url\":\"https:\\\/\\\/escorttourist.hu\\\/\",\"name\":\"Escort Tourist Reiseb\u00fcro\",\"description\":\"Irod\u00e1nk azzal a c\u00e9llal l\u00e9tes\u00fclt 1999-ben, hogy Sopron \u00e9s k\u00f6rny\u00e9ke utaz\u00e1si k\u00edn\u00e1lat\u00e1t csal\u00e1dias, k\u00e9nyelmes utaz\u00e1sokkal b\u0151v\u00edts\u00fck, melyek, \u00fagy \u00e9rezt\u00fck, hi\u00e1nyoztak a k\u00edn\u00e1latb\u00f3l.\",\"publisher\":{\"@id\":\"https:\\\/\\\/escorttourist.hu\\\/#organization\"},\"potentialAction\":[{\"@type\":\"SearchAction\",\"target\":{\"@type\":\"EntryPoint\",\"urlTemplate\":\"https:\\\/\\\/escorttourist.hu\\\/?s={search_term_string}\"},\"query-input\":{\"@type\":\"PropertyValueSpecification\",\"valueRequired\":true,\"valueName\":\"search_term_string\"}}],\"inLanguage\":\"de\"},{\"@type\":\"Organization\",\"@id\":\"https:\\\/\\\/escorttourist.hu\\\/#organization\",\"name\":\"Escort Tourist Utaz\u00e1si Iroda\",\"url\":\"https:\\\/\\\/escorttourist.hu\\\/\",\"logo\":{\"@type\":\"ImageObject\",\"inLanguage\":\"de\",\"@id\":\"https:\\\/\\\/escorttourist.hu\\\/#\\\/schema\\\/logo\\\/image\\\/\",\"url\":\"https:\\\/\\\/escorttourist.hu\\\/wp-content\\\/uploads\\\/2023\\\/05\\\/utazasi_iroda_logo.png\",\"contentUrl\":\"https:\\\/\\\/escorttourist.hu\\\/wp-content\\\/uploads\\\/2023\\\/05\\\/utazasi_iroda_logo.png\",\"width\":151,\"height\":66,\"caption\":\"Escort Tourist Utaz\u00e1si Iroda\"},\"image\":{\"@id\":\"https:\\\/\\\/escorttourist.hu\\\/#\\\/schema\\\/logo\\\/image\\\/\"},\"sameAs\":[\"https:\\\/\\\/www.facebook.com\\\/profile.php?id=100047287422632\"]}]}<\/script>\n<!-- \/ Yoast SEO plugin. -->","yoast_head_json":{"title":"[:hu]R\u00f3lunk[:en]About us[:de]\u00dcber uns[:] - Escort Tourist Reiseb\u00fcro","description":"Escort Tourist Utaz\u00e1si Iroda Sopronban: K\u00e9nyelmes utaz\u00e1sok, idegenvezet\u00e9s \u00e9s programok a r\u00e9gi\u00f3ban. Fedezze fel a vil\u00e1got vel\u00fcnk!","robots":{"index":"index","follow":"follow","max-snippet":"max-snippet:-1","max-image-preview":"max-image-preview:large","max-video-preview":"max-video-preview:-1"},"canonical":"https:\/\/escorttourist.hu\/rolunk\/","og_locale":"de_DE","og_type":"article","og_title":"\u00dcber uns - Escort Tourist Reiseb\u00fcro","og_description":"Escort Tourist Utaz\u00e1si Iroda Sopronban: K\u00e9nyelmes utaz\u00e1sok, idegenvezet\u00e9s \u00e9s programok a r\u00e9gi\u00f3ban. Fedezze fel a vil\u00e1got vel\u00fcnk!","og_url":"https:\/\/escorttourist.hu\/rolunk\/","og_site_name":"Escort Tourist Reiseb\u00fcro","article_publisher":"https:\/\/www.facebook.com\/profile.php?id=100047287422632","article_modified_time":"2023-06-12T17:18:35+00:00","twitter_card":"summary_large_image","twitter_misc":{"Gesch\u00e4tzte Lesezeit":"2\u00a0Minuten"},"schema":{"@context":"https:\/\/schema.org","@graph":[{"@type":"WebPage","@id":"https:\/\/escorttourist.hu\/rolunk\/","url":"https:\/\/escorttourist.hu\/rolunk\/","name":"[:hu]R\u00f3lunk[:en]About us[:de]\u00dcber uns[:] - Escort Tourist Reiseb\u00fcro","isPartOf":{"@id":"https:\/\/escorttourist.hu\/#website"},"datePublished":"2023-03-06T08:02:21+00:00","dateModified":"2023-06-12T17:18:35+00:00","description":"Escort Tourist Utaz\u00e1si Iroda Sopronban: K\u00e9nyelmes utaz\u00e1sok, idegenvezet\u00e9s \u00e9s programok a r\u00e9gi\u00f3ban. Fedezze fel a vil\u00e1got vel\u00fcnk!","breadcrumb":{"@id":"https:\/\/escorttourist.hu\/rolunk\/#breadcrumb"},"inLanguage":"de","potentialAction":[{"@type":"ReadAction","target":["https:\/\/escorttourist.hu\/rolunk\/"]}]},{"@type":"BreadcrumbList","@id":"https:\/\/escorttourist.hu\/rolunk\/#breadcrumb","itemListElement":[{"@type":"ListItem","position":1,"name":"Kezd\u0151lap","item":"https:\/\/escorttourist.hu\/"},{"@type":"ListItem","position":2,"name":"R\u00f3lunk"}]},{"@type":"WebSite","@id":"https:\/\/escorttourist.hu\/#website","url":"https:\/\/escorttourist.hu\/","name":"Escort Tourist Reiseb\u00fcro","description":"Irod\u00e1nk azzal a c\u00e9llal l\u00e9tes\u00fclt 1999-ben, hogy Sopron \u00e9s k\u00f6rny\u00e9ke utaz\u00e1si k\u00edn\u00e1lat\u00e1t csal\u00e1dias, k\u00e9nyelmes utaz\u00e1sokkal b\u0151v\u00edts\u00fck, melyek, \u00fagy \u00e9rezt\u00fck, hi\u00e1nyoztak a k\u00edn\u00e1latb\u00f3l.","publisher":{"@id":"https:\/\/escorttourist.hu\/#organization"},"potentialAction":[{"@type":"SearchAction","target":{"@type":"EntryPoint","urlTemplate":"https:\/\/escorttourist.hu\/?s={search_term_string}"},"query-input":{"@type":"PropertyValueSpecification","valueRequired":true,"valueName":"search_term_string"}}],"inLanguage":"de"},{"@type":"Organization","@id":"https:\/\/escorttourist.hu\/#organization","name":"Escort Tourist Utaz\u00e1si Iroda","url":"https:\/\/escorttourist.hu\/","logo":{"@type":"ImageObject","inLanguage":"de","@id":"https:\/\/escorttourist.hu\/#\/schema\/logo\/image\/","url":"https:\/\/escorttourist.hu\/wp-content\/uploads\/2023\/05\/utazasi_iroda_logo.png","contentUrl":"https:\/\/escorttourist.hu\/wp-content\/uploads\/2023\/05\/utazasi_iroda_logo.png","width":151,"height":66,"caption":"Escort Tourist Utaz\u00e1si Iroda"},"image":{"@id":"https:\/\/escorttourist.hu\/#\/schema\/logo\/image\/"},"sameAs":["https:\/\/www.facebook.com\/profile.php?id=100047287422632"]}]}},"_links":{"self":[{"href":"https:\/\/escorttourist.hu\/de\/wp-json\/wp\/v2\/pages\/283","targetHints":{"allow":["GET"]}}],"collection":[{"href":"https:\/\/escorttourist.hu\/de\/wp-json\/wp\/v2\/pages"}],"about":[{"href":"https:\/\/escorttourist.hu\/de\/wp-json\/wp\/v2\/types\/page"}],"author":[{"embeddable":true,"href":"https:\/\/escorttourist.hu\/de\/wp-json\/wp\/v2\/users\/1"}],"replies":[{"embeddable":true,"href":"https:\/\/escorttourist.hu\/de\/wp-json\/wp\/v2\/comments?post=283"}],"version-history":[{"count":2,"href":"https:\/\/escorttourist.hu\/de\/wp-json\/wp\/v2\/pages\/283\/revisions"}],"predecessor-version":[{"id":376,"href":"https:\/\/escorttourist.hu\/de\/wp-json\/wp\/v2\/pages\/283\/revisions\/376"}],"wp:attachment":[{"href":"https:\/\/escorttourist.hu\/de\/wp-json\/wp\/v2\/media?parent=283"}],"curies":[{"name":"wp","href":"https:\/\/api.w.org\/{rel}","templated":true}]}}