{"id":199,"date":"2023-02-27T14:43:51","date_gmt":"2023-02-27T13:43:51","guid":{"rendered":"https:\/\/escorttourist.hu\/?page_id=199"},"modified":"2023-05-16T16:39:46","modified_gmt":"2023-05-16T14:39:46","slug":"kapcsolat","status":"publish","type":"page","link":"https:\/\/escorttourist.hu\/de\/kontakt\/","title":{"rendered":"Kontakt"},"content":{"rendered":"<p><\/p>\n<h3>Escort Tourist Reiseb\u00fcro<\/h3>\n<p><b>Adresse:<\/b>\u00a09400 Sopron, Templom u. 21.<br \/>\n<b>Email:\u00a0<\/b><a href=\"mailto:travel@escorttourist.hu\">travel@escorttourist.hu<\/a><\/p>\n<p><b>Tel.:\u00a0<\/b>+36-99\/524-514, +36-99\/524-513<br \/>\n<strong>Reg. nr.:<\/strong>\u00a0R01895\/1999<\/p>","protected":false},"excerpt":{"rendered":"<p>Escort Tourist Reiseb\u00fcro Adresse:\u00a09400 Sopron, Templom u. 21. Email:\u00a0travel@escorttourist.hu Tel.:\u00a0+36-99\/524-514, +36-99\/524-513 Reg. nr.:\u00a0R01895\/1999<\/p>\n","protected":false},"author":1,"featured_media":0,"parent":0,"menu_order":0,"comment_status":"closed","ping_status":"closed","template":"","meta":{"_acf_changed":false,"inline_featured_image":false,"footnotes":""},"class_list":["post-199","page","type-page","status-publish","hentry"],"acf":[],"yoast_head":"<!-- This site is optimized with the Yoast SEO plugin v27.5 - https:\/\/yoast.com\/product\/yoast-seo-wordpress\/ -->\n<title>Kontakt - Escort Tourist Reiseb\u00fcro<\/title>\n<meta name=\"robots\" content=\"index, follow, max-snippet:-1, max-image-preview:large, max-video-preview:-1\" \/>\n<link rel=\"canonical\" href=\"https:\/\/escorttourist.hu\/en\/contact\/\" \/>\n<meta property=\"og:locale\" content=\"de_DE\" \/>\n<meta property=\"og:type\" content=\"article\" \/>\n<meta property=\"og:title\" content=\"Kontakt - Escort Tourist Reiseb\u00fcro\" \/>\n<meta property=\"og:description\" content=\"Escort Tourist Reiseb\u00fcro Adresse:\u00a09400 Sopron, Templom u. 21. Email:\u00a0travel@escorttourist.hu Tel.:\u00a0+36-99\/524-514, +36-99\/524-513 Reg. nr.:\u00a0R01895\/1999\" \/>\n<meta property=\"og:url\" content=\"https:\/\/escorttourist.hu\/en\/contact\/\" \/>\n<meta property=\"og:site_name\" content=\"Escort Tourist Reiseb\u00fcro\" \/>\n<meta property=\"article:publisher\" content=\"https:\/\/www.facebook.com\/profile.php?id=100047287422632\" \/>\n<meta property=\"article:modified_time\" content=\"2023-05-16T14:39:46+00:00\" \/>\n<meta name=\"twitter:card\" content=\"summary_large_image\" \/>\n<meta name=\"twitter:label1\" content=\"Gesch\u00e4tzte Lesezeit\" \/>\n\t<meta name=\"twitter:data1\" content=\"1\u00a0Minute\" \/>\n<script type=\"application\/ld+json\" class=\"yoast-schema-graph\">{\"@context\":\"https:\\\/\\\/schema.org\",\"@graph\":[{\"@type\":\"WebPage\",\"@id\":\"https:\\\/\\\/escorttourist.hu\\\/en\\\/contact\\\/\",\"url\":\"https:\\\/\\\/escorttourist.hu\\\/en\\\/contact\\\/\",\"name\":\"[:hu]Kapcsolat[:en]Contact[:de]Kontakt[:] - Escort Tourist Reiseb\u00fcro\",\"isPartOf\":{\"@id\":\"https:\\\/\\\/escorttourist.hu\\\/#website\"},\"datePublished\":\"2023-02-27T13:43:51+00:00\",\"dateModified\":\"2023-05-16T14:39:46+00:00\",\"breadcrumb\":{\"@id\":\"https:\\\/\\\/escorttourist.hu\\\/en\\\/contact\\\/#breadcrumb\"},\"inLanguage\":\"de\",\"potentialAction\":[{\"@type\":\"ReadAction\",\"target\":[\"https:\\\/\\\/escorttourist.hu\\\/en\\\/contact\\\/\"]}]},{\"@type\":\"BreadcrumbList\",\"@id\":\"https:\\\/\\\/escorttourist.hu\\\/en\\\/contact\\\/#breadcrumb\",\"itemListElement\":[{\"@type\":\"ListItem\",\"position\":1,\"name\":\"Kezd\u0151lap\",\"item\":\"https:\\\/\\\/escorttourist.hu\\\/\"},{\"@type\":\"ListItem\",\"position\":2,\"name\":\"Contact\"}]},{\"@type\":\"WebSite\",\"@id\":\"https:\\\/\\\/escorttourist.hu\\\/#website\",\"url\":\"https:\\\/\\\/escorttourist.hu\\\/\",\"name\":\"Escort Tourist Reiseb\u00fcro\",\"description\":\"Irod\u00e1nk azzal a c\u00e9llal l\u00e9tes\u00fclt 1999-ben, hogy Sopron \u00e9s k\u00f6rny\u00e9ke utaz\u00e1si k\u00edn\u00e1lat\u00e1t csal\u00e1dias, k\u00e9nyelmes utaz\u00e1sokkal b\u0151v\u00edts\u00fck, melyek, \u00fagy \u00e9rezt\u00fck, hi\u00e1nyoztak a k\u00edn\u00e1latb\u00f3l.\",\"publisher\":{\"@id\":\"https:\\\/\\\/escorttourist.hu\\\/#organization\"},\"potentialAction\":[{\"@type\":\"SearchAction\",\"target\":{\"@type\":\"EntryPoint\",\"urlTemplate\":\"https:\\\/\\\/escorttourist.hu\\\/?s={search_term_string}\"},\"query-input\":{\"@type\":\"PropertyValueSpecification\",\"valueRequired\":true,\"valueName\":\"search_term_string\"}}],\"inLanguage\":\"de\"},{\"@type\":\"Organization\",\"@id\":\"https:\\\/\\\/escorttourist.hu\\\/#organization\",\"name\":\"Escort Tourist Utaz\u00e1si Iroda\",\"url\":\"https:\\\/\\\/escorttourist.hu\\\/\",\"logo\":{\"@type\":\"ImageObject\",\"inLanguage\":\"de\",\"@id\":\"https:\\\/\\\/escorttourist.hu\\\/#\\\/schema\\\/logo\\\/image\\\/\",\"url\":\"https:\\\/\\\/escorttourist.hu\\\/wp-content\\\/uploads\\\/2023\\\/05\\\/utazasi_iroda_logo.png\",\"contentUrl\":\"https:\\\/\\\/escorttourist.hu\\\/wp-content\\\/uploads\\\/2023\\\/05\\\/utazasi_iroda_logo.png\",\"width\":151,\"height\":66,\"caption\":\"Escort Tourist Utaz\u00e1si Iroda\"},\"image\":{\"@id\":\"https:\\\/\\\/escorttourist.hu\\\/#\\\/schema\\\/logo\\\/image\\\/\"},\"sameAs\":[\"https:\\\/\\\/www.facebook.com\\\/profile.php?id=100047287422632\"]}]}<\/script>\n<!-- \/ Yoast SEO plugin. -->","yoast_head_json":{"title":"[:hu]Kapcsolat[:en]Contact[:de]Kontakt[:] - Escort Tourist Reiseb\u00fcro","robots":{"index":"index","follow":"follow","max-snippet":"max-snippet:-1","max-image-preview":"max-image-preview:large","max-video-preview":"max-video-preview:-1"},"canonical":"https:\/\/escorttourist.hu\/en\/contact\/","og_locale":"de_DE","og_type":"article","og_title":"Kontakt - Escort Tourist Reiseb\u00fcro","og_description":"Escort Tourist Reiseb\u00fcro Adresse:\u00a09400 Sopron, Templom u. 21. Email:\u00a0travel@escorttourist.hu Tel.:\u00a0+36-99\/524-514, +36-99\/524-513 Reg. nr.:\u00a0R01895\/1999","og_url":"https:\/\/escorttourist.hu\/en\/contact\/","og_site_name":"Escort Tourist Reiseb\u00fcro","article_publisher":"https:\/\/www.facebook.com\/profile.php?id=100047287422632","article_modified_time":"2023-05-16T14:39:46+00:00","twitter_card":"summary_large_image","twitter_misc":{"Gesch\u00e4tzte Lesezeit":"1\u00a0Minute"},"schema":{"@context":"https:\/\/schema.org","@graph":[{"@type":"WebPage","@id":"https:\/\/escorttourist.hu\/en\/contact\/","url":"https:\/\/escorttourist.hu\/en\/contact\/","name":"[:hu]Kapcsolat[:en]Contact[:de]Kontakt[:] - Escort Tourist Reiseb\u00fcro","isPartOf":{"@id":"https:\/\/escorttourist.hu\/#website"},"datePublished":"2023-02-27T13:43:51+00:00","dateModified":"2023-05-16T14:39:46+00:00","breadcrumb":{"@id":"https:\/\/escorttourist.hu\/en\/contact\/#breadcrumb"},"inLanguage":"de","potentialAction":[{"@type":"ReadAction","target":["https:\/\/escorttourist.hu\/en\/contact\/"]}]},{"@type":"BreadcrumbList","@id":"https:\/\/escorttourist.hu\/en\/contact\/#breadcrumb","itemListElement":[{"@type":"ListItem","position":1,"name":"Kezd\u0151lap","item":"https:\/\/escorttourist.hu\/"},{"@type":"ListItem","position":2,"name":"Contact"}]},{"@type":"WebSite","@id":"https:\/\/escorttourist.hu\/#website","url":"https:\/\/escorttourist.hu\/","name":"Escort Tourist Reiseb\u00fcro","description":"Irod\u00e1nk azzal a c\u00e9llal l\u00e9tes\u00fclt 1999-ben, hogy Sopron \u00e9s k\u00f6rny\u00e9ke utaz\u00e1si k\u00edn\u00e1lat\u00e1t csal\u00e1dias, k\u00e9nyelmes utaz\u00e1sokkal b\u0151v\u00edts\u00fck, melyek, \u00fagy \u00e9rezt\u00fck, hi\u00e1nyoztak a k\u00edn\u00e1latb\u00f3l.","publisher":{"@id":"https:\/\/escorttourist.hu\/#organization"},"potentialAction":[{"@type":"SearchAction","target":{"@type":"EntryPoint","urlTemplate":"https:\/\/escorttourist.hu\/?s={search_term_string}"},"query-input":{"@type":"PropertyValueSpecification","valueRequired":true,"valueName":"search_term_string"}}],"inLanguage":"de"},{"@type":"Organization","@id":"https:\/\/escorttourist.hu\/#organization","name":"Escort Tourist Utaz\u00e1si Iroda","url":"https:\/\/escorttourist.hu\/","logo":{"@type":"ImageObject","inLanguage":"de","@id":"https:\/\/escorttourist.hu\/#\/schema\/logo\/image\/","url":"https:\/\/escorttourist.hu\/wp-content\/uploads\/2023\/05\/utazasi_iroda_logo.png","contentUrl":"https:\/\/escorttourist.hu\/wp-content\/uploads\/2023\/05\/utazasi_iroda_logo.png","width":151,"height":66,"caption":"Escort Tourist Utaz\u00e1si Iroda"},"image":{"@id":"https:\/\/escorttourist.hu\/#\/schema\/logo\/image\/"},"sameAs":["https:\/\/www.facebook.com\/profile.php?id=100047287422632"]}]}},"_links":{"self":[{"href":"https:\/\/escorttourist.hu\/de\/wp-json\/wp\/v2\/pages\/199","targetHints":{"allow":["GET"]}}],"collection":[{"href":"https:\/\/escorttourist.hu\/de\/wp-json\/wp\/v2\/pages"}],"about":[{"href":"https:\/\/escorttourist.hu\/de\/wp-json\/wp\/v2\/types\/page"}],"author":[{"embeddable":true,"href":"https:\/\/escorttourist.hu\/de\/wp-json\/wp\/v2\/users\/1"}],"replies":[{"embeddable":true,"href":"https:\/\/escorttourist.hu\/de\/wp-json\/wp\/v2\/comments?post=199"}],"version-history":[{"count":11,"href":"https:\/\/escorttourist.hu\/de\/wp-json\/wp\/v2\/pages\/199\/revisions"}],"predecessor-version":[{"id":4292,"href":"https:\/\/escorttourist.hu\/de\/wp-json\/wp\/v2\/pages\/199\/revisions\/4292"}],"wp:attachment":[{"href":"https:\/\/escorttourist.hu\/de\/wp-json\/wp\/v2\/media?parent=199"}],"curies":[{"name":"wp","href":"https:\/\/api.w.org\/{rel}","templated":true}]}}